{"id":1363,"date":"2024-03-19T14:36:59","date_gmt":"2024-03-19T13:36:59","guid":{"rendered":"https:\/\/odysseeduvoyage.com\/?page_id=1363"},"modified":"2026-03-31T16:29:11","modified_gmt":"2026-03-31T14:29:11","slug":"en-savoir-plus","status":"publish","type":"page","link":"https:\/\/odyssee-du-voyage.coop\/index.php\/en-savoir-plus\/","title":{"rendered":"En savoir plus ?"},"content":{"rendered":"\t\t<div data-elementor-type=\"wp-post\" data-elementor-id=\"1363\" class=\"elementor elementor-1363\">\n\t\t\t\t\t\t<section class=\"elementor-section elementor-top-section elementor-element elementor-element-ec281f5 elementor-section-height-min-height elementor-section-boxed elementor-section-height-default elementor-section-items-middle\" data-id=\"ec281f5\" data-element_type=\"section\" data-e-type=\"section\" data-settings=\"{&quot;background_background&quot;:&quot;classic&quot;}\">\n\t\t\t\t\t\t\t<div class=\"elementor-background-overlay\"><\/div>\n\t\t\t\t\t\t\t<div class=\"elementor-container elementor-column-gap-default\">\n\t\t\t\t\t<div class=\"elementor-column elementor-col-100 elementor-top-column elementor-element elementor-element-dd0fe2a\" data-id=\"dd0fe2a\" data-element_type=\"column\" data-e-type=\"column\">\n\t\t\t<div class=\"elementor-widget-wrap elementor-element-populated\">\n\t\t\t\t\t\t<div class=\"elementor-element elementor-element-92d4483 elementor-widget elementor-widget-heading\" data-id=\"92d4483\" data-element_type=\"widget\" data-e-type=\"widget\" data-widget_type=\"heading.default\">\n\t\t\t\t<div class=\"elementor-widget-container\">\n\t\t\t\t\t<h2 class=\"elementor-heading-title elementor-size-large\">Participez \u00e0 une information collective<\/h2>\t\t\t\t<\/div>\n\t\t\t\t<\/div>\n\t\t\t\t<div class=\"elementor-element elementor-element-732816e elementor-widget elementor-widget-text-editor\" data-id=\"732816e\" data-element_type=\"widget\" data-e-type=\"widget\" data-widget_type=\"text-editor.default\">\n\t\t\t\t<div class=\"elementor-widget-container\">\n\t\t\t\t\t\t\t\t\t<p><span style=\"font-family: Roboto, sans-serif; font-size: 21px; font-style: normal; font-variant-ligatures: normal; font-variant-caps: normal; font-weight: bold;\">Plus d&rsquo;informations sur le fonctionnement de notre CAE<\/span>\u00a0?<\/p><p><span style=\"font-size: 12pt;\">Inscrivez vous pour une information collective en visio (comptez 1h \u00e0 1h30) :\u00a0<br \/><\/span><\/p><div style=\"text-align: left;\"><p><span style=\"font-family: Roboto, sans-serif; font-size: 16px; font-style: normal; font-variant-ligatures: normal; font-variant-caps: normal; font-weight: bold;\">Voici les dates pour l\u2019ann\u00e9e <span style=\"color: #ffcc00; font-size: 18pt;\">2026 <\/span>:<\/span><\/p><ul style=\"font-variant-ligatures: normal; font-variant-caps: normal; font-family: Roboto, sans-serif; font-style: normal; font-weight: bold; text-align: center;\"><li style=\"font-size: 21px; text-align: left;\"><span style=\"font-size: 12pt;\">Mercredi 21 janvier 2026 \u00e0 17h<\/span><\/li><li style=\"font-size: 21px; text-align: left;\"><span style=\"font-size: 12pt;\">Mercredi 18 f\u00e9vrier 2026 \u00e0 17h<\/span><\/li><li style=\"font-size: 21px; text-align: left;\"><span style=\"font-size: 12pt;\">Mercredi 18 mars 2026 \u00e0 17h<\/span><\/li><li style=\"font-size: 21px; text-align: left;\"><span style=\"font-size: 12pt;\">Mercredi 22 avril 2026 \u00e0 17h<\/span><\/li><li style=\"font-size: 21px; text-align: left;\"><span style=\"font-size: 12pt;\">Mercredi 20 mai 2026 \u00e0 17h<\/span><\/li><li style=\"font-size: 21px; text-align: left;\"><span style=\"font-size: 12pt;\">Juin : pas d&rsquo;information<\/span><\/li><li style=\"font-size: 21px; text-align: left;\"><span style=\"font-size: 12pt;\">Mercredi 15 juillet 2026 \u00e0 17h<\/span><\/li><li style=\"font-size: 21px; text-align: left;\"><span style=\"font-size: 12pt;\">Aout : Cong\u00e9s<\/span><\/li><li style=\"font-size: 21px; text-align: left;\"><span style=\"font-size: 12pt;\">Septembre : pas d&rsquo;information<\/span><\/li><li style=\"font-size: 21px; text-align: left;\"><span style=\"font-size: 12pt;\">Mercredi 14 octobre 2026 \u00e0 17h<\/span><\/li><li style=\"font-size: 21px; text-align: left;\"><span style=\"font-size: 12pt;\">Mercredi 25 novembre 2026 \u00e0 17h<\/span><\/li><li style=\"font-size: 21px; text-align: left;\"><span style=\"font-size: 12pt;\">D\u00e9cembre : pas d&rsquo;information<\/span><\/li><\/ul><\/div><p><span style=\"font-size: 14pt;\">Pour vous inscrire, remplissez le formulaire <br \/>et s\u00e9lectionnez la date \u00e0 laquelle vous souhaitez participer.<\/span><\/p><p><span style=\"font-size: 14pt;\">Vous recevrez un mail de confirmation dans les jours \u00e0 venir, <br \/>et quelques heures avant la visio, le lien de connexion.<\/span><\/p>\t\t\t\t\t\t\t\t<\/div>\n\t\t\t\t<\/div>\n\t\t\t\t<div class=\"elementor-element elementor-element-becdb67 elementor-button-info elementor-widget__width-inherit elementor-align-center elementor-widget elementor-widget-button\" data-id=\"becdb67\" data-element_type=\"widget\" data-e-type=\"widget\" data-widget_type=\"button.default\">\n\t\t\t\t<div class=\"elementor-widget-container\">\n\t\t\t\t\t\t\t\t\t<div class=\"elementor-button-wrapper\">\n\t\t\t\t\t<a class=\"elementor-button elementor-button-link elementor-size-sm\" href=\"https:\/\/docs.google.com\/forms\/d\/e\/1FAIpQLSecVyECq8cMMtPcermPjYSROmqCZ2XmUP2it2DTNIfLAs94lw\/viewform\">\n\t\t\t\t\t\t<span class=\"elementor-button-content-wrapper\">\n\t\t\t\t\t\t<span class=\"elementor-button-icon\">\n\t\t\t\t<i aria-hidden=\"true\" class=\"far fa-arrow-alt-circle-right\"><\/i>\t\t\t<\/span>\n\t\t\t\t\t\t\t\t\t<span class=\"elementor-button-text\">Formulaire premier contact et inscription information collective : CLIQUEZ ICI<\/span>\n\t\t\t\t\t<\/span>\n\t\t\t\t\t<\/a>\n\t\t\t\t<\/div>\n\t\t\t\t\t\t\t\t<\/div>\n\t\t\t\t<\/div>\n\t\t\t\t<div class=\"elementor-element elementor-element-35f89b7 elementor-widget elementor-widget-spacer\" data-id=\"35f89b7\" data-element_type=\"widget\" data-e-type=\"widget\" data-widget_type=\"spacer.default\">\n\t\t\t\t<div class=\"elementor-widget-container\">\n\t\t\t\t\t\t\t<div class=\"elementor-spacer\">\n\t\t\t<div class=\"elementor-spacer-inner\"><\/div>\n\t\t<\/div>\n\t\t\t\t\t\t<\/div>\n\t\t\t\t<\/div>\n\t\t\t\t\t<\/div>\n\t\t<\/div>\n\t\t\t\t\t<\/div>\n\t\t<\/section>\n\t\t\t\t<\/div>\n\t\t","protected":false},"excerpt":{"rendered":"<p>Participez \u00e0 une information collective Plus d&rsquo;informations sur le fonctionnement de notre CAE\u00a0? Inscrivez vous pour une information collective en visio (comptez 1h \u00e0 1h30) :\u00a0 Voici les dates pour l\u2019ann\u00e9e 2026 : Mercredi 21 janvier 2026 \u00e0 17h Mercredi 18 f\u00e9vrier 2026 \u00e0 17h Mercredi 18 mars 2026 \u00e0 17h Mercredi 22 avril 2026 [&hellip;]<\/p>\n","protected":false},"author":2,"featured_media":0,"parent":0,"menu_order":0,"comment_status":"closed","ping_status":"closed","template":"","meta":{"ocean_post_layout":"full-screen","ocean_both_sidebars_style":"","ocean_both_sidebars_content_width":0,"ocean_both_sidebars_sidebars_width":0,"ocean_sidebar":"0","ocean_second_sidebar":"0","ocean_disable_margins":"enable","ocean_add_body_class":"","ocean_shortcode_before_top_bar":"","ocean_shortcode_after_top_bar":"","ocean_shortcode_before_header":"","ocean_shortcode_after_header":"","ocean_has_shortcode":"","ocean_shortcode_after_title":"","ocean_shortcode_before_footer_widgets":"","ocean_shortcode_after_footer_widgets":"","ocean_shortcode_before_footer_bottom":"","ocean_shortcode_after_footer_bottom":"","ocean_display_top_bar":"default","ocean_display_header":"default","ocean_header_style":"","ocean_center_header_left_menu":"0","ocean_custom_header_template":"0","ocean_custom_logo":0,"ocean_custom_retina_logo":0,"ocean_custom_logo_max_width":0,"ocean_custom_logo_tablet_max_width":0,"ocean_custom_logo_mobile_max_width":0,"ocean_custom_logo_max_height":0,"ocean_custom_logo_tablet_max_height":0,"ocean_custom_logo_mobile_max_height":0,"ocean_header_custom_menu":"2","ocean_menu_typo_font_family":"0","ocean_menu_typo_font_subset":"","ocean_menu_typo_font_size":0,"ocean_menu_typo_font_size_tablet":0,"ocean_menu_typo_font_size_mobile":0,"ocean_menu_typo_font_size_unit":"px","ocean_menu_typo_font_weight":"","ocean_menu_typo_font_weight_tablet":"","ocean_menu_typo_font_weight_mobile":"","ocean_menu_typo_transform":"","ocean_menu_typo_transform_tablet":"","ocean_menu_typo_transform_mobile":"","ocean_menu_typo_line_height":0,"ocean_menu_typo_line_height_tablet":0,"ocean_menu_typo_line_height_mobile":0,"ocean_menu_typo_line_height_unit":"","ocean_menu_typo_spacing":0,"ocean_menu_typo_spacing_tablet":0,"ocean_menu_typo_spacing_mobile":0,"ocean_menu_typo_spacing_unit":"","ocean_menu_link_color":"","ocean_menu_link_color_hover":"","ocean_menu_link_color_active":"","ocean_menu_link_background":"","ocean_menu_link_hover_background":"","ocean_menu_link_active_background":"","ocean_menu_social_links_bg":"","ocean_menu_social_hover_links_bg":"","ocean_menu_social_links_color":"","ocean_menu_social_hover_links_color":"","ocean_disable_title":"on","ocean_disable_heading":"default","ocean_post_title":"","ocean_post_subheading":"","ocean_post_title_style":"","ocean_post_title_background_color":"","ocean_post_title_background":0,"ocean_post_title_bg_image_position":"","ocean_post_title_bg_image_attachment":"","ocean_post_title_bg_image_repeat":"","ocean_post_title_bg_image_size":"","ocean_post_title_height":0,"ocean_post_title_bg_overlay":0.5,"ocean_post_title_bg_overlay_color":"","ocean_disable_breadcrumbs":"default","ocean_breadcrumbs_color":"","ocean_breadcrumbs_separator_color":"","ocean_breadcrumbs_links_color":"","ocean_breadcrumbs_links_hover_color":"","ocean_display_footer_widgets":"default","ocean_display_footer_bottom":"default","ocean_custom_footer_template":"0","footnotes":""},"class_list":["post-1363","page","type-page","status-publish","hentry","entry"],"_links":{"self":[{"href":"https:\/\/odyssee-du-voyage.coop\/index.php\/wp-json\/wp\/v2\/pages\/1363","targetHints":{"allow":["GET"]}}],"collection":[{"href":"https:\/\/odyssee-du-voyage.coop\/index.php\/wp-json\/wp\/v2\/pages"}],"about":[{"href":"https:\/\/odyssee-du-voyage.coop\/index.php\/wp-json\/wp\/v2\/types\/page"}],"author":[{"embeddable":true,"href":"https:\/\/odyssee-du-voyage.coop\/index.php\/wp-json\/wp\/v2\/users\/2"}],"replies":[{"embeddable":true,"href":"https:\/\/odyssee-du-voyage.coop\/index.php\/wp-json\/wp\/v2\/comments?post=1363"}],"version-history":[{"count":61,"href":"https:\/\/odyssee-du-voyage.coop\/index.php\/wp-json\/wp\/v2\/pages\/1363\/revisions"}],"predecessor-version":[{"id":1613,"href":"https:\/\/odyssee-du-voyage.coop\/index.php\/wp-json\/wp\/v2\/pages\/1363\/revisions\/1613"}],"wp:attachment":[{"href":"https:\/\/odyssee-du-voyage.coop\/index.php\/wp-json\/wp\/v2\/media?parent=1363"}],"curies":[{"name":"wp","href":"https:\/\/api.w.org\/{rel}","templated":true}]}}